{"id":10069,"date":"2025-07-10T10:48:28","date_gmt":"2025-07-10T10:48:28","guid":{"rendered":"https:\/\/1dronas.lt\/?post_type=product&#038;p=10069"},"modified":"2026-04-29T17:07:38","modified_gmt":"2026-04-29T14:07:38","slug":"runcam-phoenix-2-pro-kamera","status":"publish","type":"product","link":"https:\/\/1dronas.lt\/en\/produktas\/runcam-phoenix-2-pro-kamera\/","title":{"rendered":"RunCam Phoenix 2 Pro camera"},"content":{"rendered":"<p><strong>Features:<\/strong><\/p>\n<p>The RunCam Phoenix 2 Pro is a high-performance FPV camera designed for drone racing and free flight. This model is an improved version of the original Phoenix camera, featuring even better image quality and excellent low-light performance. The compact design allows it to be easily mounted on smaller FPV drones. With a Starlight sensor and high TVL resolution, the Phoenix 2 Pro is a reliable and high-end choice for pilots looking for a powerful FPV camera.<\/p>\n<p><strong>Specification:<\/strong><\/p>\n<p data-start=\"0\" data-end=\"157\"><strong>\u2022 <\/strong>Model: RunCam Phoenix 2 Pro;<br data-start=\"33\" data-end=\"36\" \/><strong>\u2022 <\/strong>Image sensor: 1\/2.8\u2033 \u201cStarlight\u201d CMOS sensor;<br data-start=\"89\" data-end=\"92\" \/><strong>\u2022 <\/strong>Resolution: 1500 TV lines (TVL)<br data-start=\"137\" data-end=\"140\" \/><strong>\u2022 <\/strong>Lens:<br \/>\nField of View (FOV) D:128\u00b0 H:97\u00b0 V:72\u00b0;<br \/>\nField of View (FOV) D:112\u00b0 H:97\u00b0 V:54\u00b0;<br \/>\n<strong>\u2022 <\/strong>Screen format:<br \/>\n4:3;<br \/>\n16:9;<br \/>\n<strong>\u2022 <\/strong>Mirror Image\/Flip: Can be enabled;<br data-start=\"338\" data-end=\"341\" \/><strong>\u2022 <\/strong>Video signal system: NTSC \/ PAL;<br data-start=\"379\" data-end=\"382\" \/><strong>\u2022 <\/strong>Shutter: Rolling Shutter;<br data-start=\"432\" data-end=\"435\" \/><strong>\u2022 <\/strong>Sensitivity: 15000 mV\/Lux\u2022s;<br data-start=\"464\" data-end=\"467\" \/><strong>\u2022 <\/strong>Wide Dynamic Range (WDR): Global WDR;<br data-start=\"518\" data-end=\"521\" \/><strong>\u2022 <\/strong>Day\/Night Mode: Color \/ Black and White;<br data-start=\"574\" data-end=\"577\" \/><strong>\u2022 <\/strong>Menu control: Via cable;<br data-start=\"607\" data-end=\"610\" \/><strong>\u2022 <\/strong>Power supply: DC 5-36V;<br data-start=\"634\" data-end=\"637\" \/><strong>\u2022 <\/strong>Current strength:<br \/>\n220mA @ 5V;<br \/>\n120mA @ 12V;<br \/>\n<strong>\u2022 <\/strong>Housing material: ABS plastic;<br data-start=\"728\" data-end=\"731\" \/><strong>\u2022 <\/strong>Net weight: 7.5g;<br data-start=\"757\" data-end=\"760\" \/><strong>\u2022 <\/strong>Dimensions: 19mm x 19mm x 27mm.<\/p>\n<p data-start=\"0\" data-end=\"157\"><strong>Package:<\/strong><\/p>\n<p data-start=\"0\" data-end=\"157\">1x Runcam Phoenix 2 Pro camera;<br \/>\n1x 1 x 6 pin cable;<br \/>\n1x set of screws;<br \/>\n1x user manual.<\/p>\n<p data-start=\"0\" data-end=\"157\"><strong><img loading=\"lazy\" decoding=\"async\" class=\"alignnone wp-image-10075 size-full\" src=\"https:\/\/1dronas.lt\/wp-content\/uploads\/2025\/07\/RunCam-Phoenix-2-Pro-EN_05-min.jpg\" alt=\"\" width=\"960\" height=\"1267\" srcset=\"https:\/\/1dronas.lt\/wp-content\/uploads\/2025\/07\/RunCam-Phoenix-2-Pro-EN_05-min.jpg 960w, https:\/\/1dronas.lt\/wp-content\/uploads\/2025\/07\/RunCam-Phoenix-2-Pro-EN_05-min-227x300.jpg 227w, https:\/\/1dronas.lt\/wp-content\/uploads\/2025\/07\/RunCam-Phoenix-2-Pro-EN_05-min-776x1024.jpg 776w, https:\/\/1dronas.lt\/wp-content\/uploads\/2025\/07\/RunCam-Phoenix-2-Pro-EN_05-min-768x1014.jpg 768w, https:\/\/1dronas.lt\/wp-content\/uploads\/2025\/07\/RunCam-Phoenix-2-Pro-EN_05-min-9x12.jpg 9w, https:\/\/1dronas.lt\/wp-content\/uploads\/2025\/07\/RunCam-Phoenix-2-Pro-EN_05-min-510x673.jpg 510w\" sizes=\"auto, (max-width: 960px) 100vw, 960px\" \/>\u00a0<\/strong><\/p>","protected":false},"excerpt":{"rendered":"<p><span style=\"color: #000000;\">The RunCam Phoenix 2 Pro is a high-quality FPV camera designed for drone racing and free flight.<\/span><\/p>\n<p><span style=\"color: #000000;\"><strong><img loading=\"lazy\" decoding=\"async\" class=\"alignnone wp-image-1806\" src=\"https:\/\/1dronas.lt\/wp-content\/uploads\/2021\/05\/delivery-icon.png\" alt=\"\" width=\"24\" height=\"24\" srcset=\"https:\/\/1dronas.lt\/wp-content\/uploads\/2021\/05\/delivery-icon.png 35w, https:\/\/1dronas.lt\/wp-content\/uploads\/2021\/05\/delivery-icon-12x12.png 12w\" sizes=\"auto, (max-width: 24px) 100vw, 24px\" \/> \u00a01 \u2013 2 days<\/strong><\/span><\/p>","protected":false},"featured_media":10074,"comment_status":"open","ping_status":"closed","template":"","meta":[],"product_brand":[499],"product_cat":[191],"product_tag":[636],"class_list":{"0":"post-10069","1":"product","2":"type-product","3":"status-publish","4":"has-post-thumbnail","6":"product_brand-runcam","7":"product_cat-kameros","8":"product_tag-runcam-phoenix-2-pro","10":"first","11":"instock","12":"taxable","13":"shipping-taxable","14":"purchasable","15":"product-type-simple"},"yoast_head":"<!-- This site is optimized with the Yoast SEO plugin v27.5 - https:\/\/yoast.com\/product\/yoast-seo-wordpress\/ -->\n<title>RunCam Phoenix 2 Pro kamera - 1dronas.lt<\/title>\n<meta name=\"robots\" content=\"index, follow, max-snippet:-1, max-image-preview:large, max-video-preview:-1\" \/>\n<link rel=\"canonical\" href=\"https:\/\/1dronas.lt\/en\/produktas\/runcam-phoenix-2-pro-kamera\/\" \/>\n<meta property=\"og:locale\" content=\"en_US\" \/>\n<meta property=\"og:type\" content=\"article\" \/>\n<meta property=\"og:title\" content=\"RunCam Phoenix 2 Pro kamera - 1dronas.lt\" \/>\n<meta property=\"og:description\" content=\"RunCam Phoenix 2 Pro \u2013 tai auk\u0161tos kokyb\u0117s FPV kamera, sukurta dron\u0173 lenktyn\u0117ms ir laisvajam skryd\u017eiui.   \u00a01 \u2013 2 d. d.\" \/>\n<meta property=\"og:url\" content=\"https:\/\/1dronas.lt\/en\/produktas\/runcam-phoenix-2-pro-kamera\/\" \/>\n<meta property=\"og:site_name\" content=\"1dronas.lt\" \/>\n<meta property=\"article:publisher\" content=\"https:\/\/www.facebook.com\/1dronas\/\" \/>\n<meta property=\"article:modified_time\" content=\"2026-04-29T14:07:38+00:00\" \/>\n<meta property=\"og:image\" content=\"https:\/\/1dronas.lt\/wp-content\/uploads\/2025\/07\/021__87011-min.jpg\" \/>\n\t<meta property=\"og:image:width\" content=\"1280\" \/>\n\t<meta property=\"og:image:height\" content=\"1280\" \/>\n\t<meta property=\"og:image:type\" content=\"image\/jpeg\" \/>\n<meta name=\"twitter:card\" content=\"summary_large_image\" \/>\n<meta name=\"twitter:label1\" content=\"Est. reading time\" \/>\n\t<meta name=\"twitter:data1\" content=\"2 minutes\" \/>\n<script type=\"application\/ld+json\" class=\"yoast-schema-graph\">{\"@context\":\"https:\\\/\\\/schema.org\",\"@graph\":[{\"@type\":\"WebPage\",\"@id\":\"https:\\\/\\\/1dronas.lt\\\/en\\\/produktas\\\/runcam-phoenix-2-pro-kamera\\\/\",\"url\":\"https:\\\/\\\/1dronas.lt\\\/en\\\/produktas\\\/runcam-phoenix-2-pro-kamera\\\/\",\"name\":\"RunCam Phoenix 2 Pro kamera - 1dronas.lt\",\"isPartOf\":{\"@id\":\"https:\\\/\\\/1dronas.lt\\\/en\\\/#website\"},\"primaryImageOfPage\":{\"@id\":\"https:\\\/\\\/1dronas.lt\\\/en\\\/produktas\\\/runcam-phoenix-2-pro-kamera\\\/#primaryimage\"},\"image\":{\"@id\":\"https:\\\/\\\/1dronas.lt\\\/en\\\/produktas\\\/runcam-phoenix-2-pro-kamera\\\/#primaryimage\"},\"thumbnailUrl\":\"https:\\\/\\\/1dronas.lt\\\/wp-content\\\/uploads\\\/2025\\\/07\\\/021__87011-min.jpg\",\"datePublished\":\"2025-07-10T10:48:28+00:00\",\"dateModified\":\"2026-04-29T14:07:38+00:00\",\"breadcrumb\":{\"@id\":\"https:\\\/\\\/1dronas.lt\\\/en\\\/produktas\\\/runcam-phoenix-2-pro-kamera\\\/#breadcrumb\"},\"inLanguage\":\"en-US\",\"potentialAction\":[{\"@type\":\"ReadAction\",\"target\":[\"https:\\\/\\\/1dronas.lt\\\/en\\\/produktas\\\/runcam-phoenix-2-pro-kamera\\\/\"]}]},{\"@type\":\"ImageObject\",\"inLanguage\":\"en-US\",\"@id\":\"https:\\\/\\\/1dronas.lt\\\/en\\\/produktas\\\/runcam-phoenix-2-pro-kamera\\\/#primaryimage\",\"url\":\"https:\\\/\\\/1dronas.lt\\\/wp-content\\\/uploads\\\/2025\\\/07\\\/021__87011-min.jpg\",\"contentUrl\":\"https:\\\/\\\/1dronas.lt\\\/wp-content\\\/uploads\\\/2025\\\/07\\\/021__87011-min.jpg\",\"width\":1280,\"height\":1280},{\"@type\":\"BreadcrumbList\",\"@id\":\"https:\\\/\\\/1dronas.lt\\\/en\\\/produktas\\\/runcam-phoenix-2-pro-kamera\\\/#breadcrumb\",\"itemListElement\":[{\"@type\":\"ListItem\",\"position\":1,\"name\":\"Home\",\"item\":\"https:\\\/\\\/1dronas.lt\\\/\"},{\"@type\":\"ListItem\",\"position\":2,\"name\":\"Parduotuv\u0117\",\"item\":\"https:\\\/\\\/1dronas.lt\\\/parduotuve\\\/\"},{\"@type\":\"ListItem\",\"position\":3,\"name\":\"RunCam Phoenix 2 Pro kamera\"}]},{\"@type\":\"WebSite\",\"@id\":\"https:\\\/\\\/1dronas.lt\\\/en\\\/#website\",\"url\":\"https:\\\/\\\/1dronas.lt\\\/en\\\/\",\"name\":\"1dronas.lt\",\"description\":\"Internetin\u0117 parduotuv\u0117\",\"publisher\":{\"@id\":\"https:\\\/\\\/1dronas.lt\\\/en\\\/#organization\"},\"potentialAction\":[{\"@type\":\"SearchAction\",\"target\":{\"@type\":\"EntryPoint\",\"urlTemplate\":\"https:\\\/\\\/1dronas.lt\\\/en\\\/?s={search_term_string}\"},\"query-input\":{\"@type\":\"PropertyValueSpecification\",\"valueRequired\":true,\"valueName\":\"search_term_string\"}}],\"inLanguage\":\"en-US\"},{\"@type\":\"Organization\",\"@id\":\"https:\\\/\\\/1dronas.lt\\\/en\\\/#organization\",\"name\":\"1dronas.lt\",\"url\":\"https:\\\/\\\/1dronas.lt\\\/en\\\/\",\"logo\":{\"@type\":\"ImageObject\",\"inLanguage\":\"en-US\",\"@id\":\"https:\\\/\\\/1dronas.lt\\\/en\\\/#\\\/schema\\\/logo\\\/image\\\/\",\"url\":\"https:\\\/\\\/1dronas.lt\\\/wp-content\\\/uploads\\\/2020\\\/12\\\/Ekrano_kopija__2_-removebg-preview-1-1.png\",\"contentUrl\":\"https:\\\/\\\/1dronas.lt\\\/wp-content\\\/uploads\\\/2020\\\/12\\\/Ekrano_kopija__2_-removebg-preview-1-1.png\",\"width\":234,\"height\":81,\"caption\":\"1dronas.lt\"},\"image\":{\"@id\":\"https:\\\/\\\/1dronas.lt\\\/en\\\/#\\\/schema\\\/logo\\\/image\\\/\"},\"sameAs\":[\"https:\\\/\\\/www.facebook.com\\\/1dronas\\\/\"]}]}<\/script>\n<!-- \/ Yoast SEO plugin. -->","yoast_head_json":{"title":"RunCam Phoenix 2 Pro kamera - 1dronas.lt","robots":{"index":"index","follow":"follow","max-snippet":"max-snippet:-1","max-image-preview":"max-image-preview:large","max-video-preview":"max-video-preview:-1"},"canonical":"https:\/\/1dronas.lt\/en\/produktas\/runcam-phoenix-2-pro-kamera\/","og_locale":"en_US","og_type":"article","og_title":"RunCam Phoenix 2 Pro kamera - 1dronas.lt","og_description":"RunCam Phoenix 2 Pro \u2013 tai auk\u0161tos kokyb\u0117s FPV kamera, sukurta dron\u0173 lenktyn\u0117ms ir laisvajam skryd\u017eiui.   \u00a01 \u2013 2 d. d.","og_url":"https:\/\/1dronas.lt\/en\/produktas\/runcam-phoenix-2-pro-kamera\/","og_site_name":"1dronas.lt","article_publisher":"https:\/\/www.facebook.com\/1dronas\/","article_modified_time":"2026-04-29T14:07:38+00:00","og_image":[{"width":1280,"height":1280,"url":"https:\/\/1dronas.lt\/wp-content\/uploads\/2025\/07\/021__87011-min.jpg","type":"image\/jpeg"}],"twitter_card":"summary_large_image","twitter_misc":{"Est. reading time":"2 minutes"},"schema":{"@context":"https:\/\/schema.org","@graph":[{"@type":"WebPage","@id":"https:\/\/1dronas.lt\/en\/produktas\/runcam-phoenix-2-pro-kamera\/","url":"https:\/\/1dronas.lt\/en\/produktas\/runcam-phoenix-2-pro-kamera\/","name":"RunCam Phoenix 2 Pro kamera - 1dronas.lt","isPartOf":{"@id":"https:\/\/1dronas.lt\/en\/#website"},"primaryImageOfPage":{"@id":"https:\/\/1dronas.lt\/en\/produktas\/runcam-phoenix-2-pro-kamera\/#primaryimage"},"image":{"@id":"https:\/\/1dronas.lt\/en\/produktas\/runcam-phoenix-2-pro-kamera\/#primaryimage"},"thumbnailUrl":"https:\/\/1dronas.lt\/wp-content\/uploads\/2025\/07\/021__87011-min.jpg","datePublished":"2025-07-10T10:48:28+00:00","dateModified":"2026-04-29T14:07:38+00:00","breadcrumb":{"@id":"https:\/\/1dronas.lt\/en\/produktas\/runcam-phoenix-2-pro-kamera\/#breadcrumb"},"inLanguage":"en-US","potentialAction":[{"@type":"ReadAction","target":["https:\/\/1dronas.lt\/en\/produktas\/runcam-phoenix-2-pro-kamera\/"]}]},{"@type":"ImageObject","inLanguage":"en-US","@id":"https:\/\/1dronas.lt\/en\/produktas\/runcam-phoenix-2-pro-kamera\/#primaryimage","url":"https:\/\/1dronas.lt\/wp-content\/uploads\/2025\/07\/021__87011-min.jpg","contentUrl":"https:\/\/1dronas.lt\/wp-content\/uploads\/2025\/07\/021__87011-min.jpg","width":1280,"height":1280},{"@type":"BreadcrumbList","@id":"https:\/\/1dronas.lt\/en\/produktas\/runcam-phoenix-2-pro-kamera\/#breadcrumb","itemListElement":[{"@type":"ListItem","position":1,"name":"Home","item":"https:\/\/1dronas.lt\/"},{"@type":"ListItem","position":2,"name":"Parduotuv\u0117","item":"https:\/\/1dronas.lt\/parduotuve\/"},{"@type":"ListItem","position":3,"name":"RunCam Phoenix 2 Pro kamera"}]},{"@type":"WebSite","@id":"https:\/\/1dronas.lt\/en\/#website","url":"https:\/\/1dronas.lt\/en\/","name":"1dronas.lt","description":"Online store","publisher":{"@id":"https:\/\/1dronas.lt\/en\/#organization"},"potentialAction":[{"@type":"SearchAction","target":{"@type":"EntryPoint","urlTemplate":"https:\/\/1dronas.lt\/en\/?s={search_term_string}"},"query-input":{"@type":"PropertyValueSpecification","valueRequired":true,"valueName":"search_term_string"}}],"inLanguage":"en-US"},{"@type":"Organization","@id":"https:\/\/1dronas.lt\/en\/#organization","name":"1dronas.lt","url":"https:\/\/1dronas.lt\/en\/","logo":{"@type":"ImageObject","inLanguage":"en-US","@id":"https:\/\/1dronas.lt\/en\/#\/schema\/logo\/image\/","url":"https:\/\/1dronas.lt\/wp-content\/uploads\/2020\/12\/Ekrano_kopija__2_-removebg-preview-1-1.png","contentUrl":"https:\/\/1dronas.lt\/wp-content\/uploads\/2020\/12\/Ekrano_kopija__2_-removebg-preview-1-1.png","width":234,"height":81,"caption":"1dronas.lt"},"image":{"@id":"https:\/\/1dronas.lt\/en\/#\/schema\/logo\/image\/"},"sameAs":["https:\/\/www.facebook.com\/1dronas\/"]}]}},"jetpack_sharing_enabled":true,"_links":{"self":[{"href":"https:\/\/1dronas.lt\/en\/wp-json\/wp\/v2\/product\/10069","targetHints":{"allow":["GET"]}}],"collection":[{"href":"https:\/\/1dronas.lt\/en\/wp-json\/wp\/v2\/product"}],"about":[{"href":"https:\/\/1dronas.lt\/en\/wp-json\/wp\/v2\/types\/product"}],"replies":[{"embeddable":true,"href":"https:\/\/1dronas.lt\/en\/wp-json\/wp\/v2\/comments?post=10069"}],"wp:featuredmedia":[{"embeddable":true,"href":"https:\/\/1dronas.lt\/en\/wp-json\/wp\/v2\/media\/10074"}],"wp:attachment":[{"href":"https:\/\/1dronas.lt\/en\/wp-json\/wp\/v2\/media?parent=10069"}],"wp:term":[{"taxonomy":"product_brand","embeddable":true,"href":"https:\/\/1dronas.lt\/en\/wp-json\/wp\/v2\/product_brand?post=10069"},{"taxonomy":"product_cat","embeddable":true,"href":"https:\/\/1dronas.lt\/en\/wp-json\/wp\/v2\/product_cat?post=10069"},{"taxonomy":"product_tag","embeddable":true,"href":"https:\/\/1dronas.lt\/en\/wp-json\/wp\/v2\/product_tag?post=10069"}],"curies":[{"name":"wp","href":"https:\/\/api.w.org\/{rel}","templated":true}]}}