{"id":3403,"date":"2022-12-01T23:37:00","date_gmt":"2022-12-01T23:37:00","guid":{"rendered":"https:\/\/1dronas.lt\/?page_id=3403"},"modified":"2023-03-22T19:37:52","modified_gmt":"2023-03-22T19:37:52","slug":"apmokejimo-salygos","status":"publish","type":"page","link":"https:\/\/1dronas.lt\/en\/apmokejimo-salygos\/","title":{"rendered":"Payment"},"content":{"rendered":"<p style=\"text-align: center;\"><span style=\"font-size: 170%; color: #333333;\"><strong>Payment<\/strong><\/span><\/p>\n\t<div id=\"text-204699238\" class=\"text\">\n\t\t\n\n<p><img loading=\"lazy\" decoding=\"async\" class=\"aligncenter wp-image-3715 size-full\" src=\"https:\/\/1dronas.lt\/wp-content\/uploads\/2022\/12\/apmok2.png\" alt=\"\" width=\"3400\" height=\"1179\"><\/p>\n\t\t\n<style>\n#text-204699238 {\n  font-size: 0.75rem;\n  line-height: 1.75;\n}\n<\/style>\n\t<\/div>\n\t\n<div class=\"row\"  id=\"row-1231753190\">\n\n\n\t<div id=\"col-46034731\" class=\"col medium-6 small-12 large-6\"  >\n\t\t\t\t<div class=\"col-inner\"  >\n\t\t\t\n\t\t\t\n\n<p><strong>Payment methods:<\/strong><\/p>\n<ul>\n<li>By bank transfer;<\/li>\n<li>Electronic banking;<\/li>\n<li>In installments (leasing).<\/li>\n<\/ul>\n<p><strong>Electronic banking:<\/strong><\/p>\n<p>Order goods and pay using the electronic banking systems of the following banks:<\/p>\n<ul>\n<li>Swedbank Internet Bank (AB Banka &quot;Swedbank&quot;)<\/li>\n<li>SEB Internet Bank (AB &quot;SEB Bank&quot;)<\/li>\n<li>Luminor (Luminor Bank)<\/li>\n<li>Citadele internet bank (AB &quot;Citadele bankas&quot;)<\/li>\n<li>\u0160iauli\u0173 Bankas &quot;SB linija&quot; (AB &quot;\u0160iauli\u0173 Bankas&quot;)<\/li>\n<li>Kniks (on the Makecommerce platform)<\/li>\n<\/ul>\n\n\t\t<\/div>\n\t\t\t\t\t<\/div>\n\n\t\n\n\t<div id=\"col-1209141858\" class=\"col medium-6 small-12 large-6\"  >\n\t\t\t\t<div class=\"col-inner\"  >\n\t\t\t\n\t\t\t\n\n<p><strong>Bank transfer:<\/strong><\/p>\n<p>When ordering goods online, pay by bank transfer by checking the &quot;Bank transfer&quot; box.<\/p>\n<p>In the order, please indicate the details of the 1dronas.lt online store and the order number, which you will receive by email. If payment is not received within 2 days, the order will be canceled.<\/p>\n<p><strong>Requisites:<\/strong><\/p>\n<ul>\n<li>Recipient: MB &quot;Eddo rc&quot;<\/li>\n<li>A\/S: LT15 7044 0901 0362 8661<\/li>\n<li>Bank: AB &quot;SEB&quot;<\/li>\n<li>Company code: 306113246<\/li>\n<\/ul>\n<p>Please indicate the order number in the destination.<\/p>\n\n\t\t<\/div>\n\t\t\t\t\t<\/div>\n\n\t\n\n<\/div>\n<p><strong>In installments:<\/strong><\/p>\n<p>After ordering the goods, pay in installments by selecting &quot;<a href=\"https:\/\/www.mokilizingas.lt\/paskola\/vartojimo-paskola?utm_source=google&amp;utm_medium=search&amp;utm_campaign=consumer_loan&amp;utm_content=brand&amp;gclid=Cj0KCQiAvqGcBhCJARIsAFQ5ke7Vdh2ZB65gfkuI91kNF9QF6BnDagPoJbzBquf4Qm3jwayd4dr-0XYaAsb8EALw_wcB\">Inbank|mokilizing<\/a>\u201d or in parts with \u201c<strong>you pay 3<\/strong>\u201d&quot;\u201d&nbsp;<\/p>\n<p><img decoding=\"async\" class=\"aligncenter\" src=\"https:\/\/lemora.lt\/img\/cms\/Moki3_980x480.png\"><\/p>\n<p>&nbsp;<\/p>","protected":false},"excerpt":{"rendered":"","protected":false},"author":3,"featured_media":0,"parent":0,"menu_order":0,"comment_status":"closed","ping_status":"closed","template":"","meta":{"footnotes":""},"class_list":["post-3403","page","type-page","status-publish","hentry"],"yoast_head":"<!-- This site is optimized with the Yoast SEO plugin v27.3 - https:\/\/yoast.com\/product\/yoast-seo-wordpress\/ -->\n<title>Apmok\u0117jimas - 1dronas.lt<\/title>\n<meta name=\"robots\" content=\"index, follow, max-snippet:-1, max-image-preview:large, max-video-preview:-1\" \/>\n<link rel=\"canonical\" href=\"https:\/\/1dronas.lt\/en\/apmokejimo-salygos\/\" \/>\n<meta property=\"og:locale\" content=\"en_US\" \/>\n<meta property=\"og:type\" content=\"article\" \/>\n<meta property=\"og:title\" content=\"Apmok\u0117jimas - 1dronas.lt\" \/>\n<meta property=\"og:url\" content=\"https:\/\/1dronas.lt\/en\/apmokejimo-salygos\/\" \/>\n<meta property=\"og:site_name\" content=\"1dronas.lt\" \/>\n<meta property=\"article:publisher\" content=\"https:\/\/www.facebook.com\/1dronas\/\" \/>\n<meta property=\"article:modified_time\" content=\"2023-03-22T19:37:52+00:00\" \/>\n<meta property=\"og:image\" content=\"https:\/\/1dronas.lt\/wp-content\/uploads\/2022\/12\/apmok2.png\" \/>\n<meta name=\"twitter:card\" content=\"summary_large_image\" \/>\n<meta name=\"twitter:label1\" content=\"Est. reading time\" \/>\n\t<meta name=\"twitter:data1\" content=\"2 minutes\" \/>\n<script type=\"application\/ld+json\" class=\"yoast-schema-graph\">{\"@context\":\"https:\\\/\\\/schema.org\",\"@graph\":[{\"@type\":\"WebPage\",\"@id\":\"https:\\\/\\\/1dronas.lt\\\/en\\\/apmokejimo-salygos\\\/\",\"url\":\"https:\\\/\\\/1dronas.lt\\\/en\\\/apmokejimo-salygos\\\/\",\"name\":\"Apmok\u0117jimas - 1dronas.lt\",\"isPartOf\":{\"@id\":\"https:\\\/\\\/1dronas.lt\\\/en\\\/#website\"},\"primaryImageOfPage\":{\"@id\":\"https:\\\/\\\/1dronas.lt\\\/en\\\/apmokejimo-salygos\\\/#primaryimage\"},\"image\":{\"@id\":\"https:\\\/\\\/1dronas.lt\\\/en\\\/apmokejimo-salygos\\\/#primaryimage\"},\"thumbnailUrl\":\"https:\\\/\\\/1dronas.lt\\\/wp-content\\\/uploads\\\/2022\\\/12\\\/apmok2.png\",\"datePublished\":\"2022-12-01T23:37:00+00:00\",\"dateModified\":\"2023-03-22T19:37:52+00:00\",\"breadcrumb\":{\"@id\":\"https:\\\/\\\/1dronas.lt\\\/en\\\/apmokejimo-salygos\\\/#breadcrumb\"},\"inLanguage\":\"en-US\",\"potentialAction\":[{\"@type\":\"ReadAction\",\"target\":[\"https:\\\/\\\/1dronas.lt\\\/en\\\/apmokejimo-salygos\\\/\"]}]},{\"@type\":\"ImageObject\",\"inLanguage\":\"en-US\",\"@id\":\"https:\\\/\\\/1dronas.lt\\\/en\\\/apmokejimo-salygos\\\/#primaryimage\",\"url\":\"https:\\\/\\\/1dronas.lt\\\/wp-content\\\/uploads\\\/2022\\\/12\\\/apmok2.png\",\"contentUrl\":\"https:\\\/\\\/1dronas.lt\\\/wp-content\\\/uploads\\\/2022\\\/12\\\/apmok2.png\"},{\"@type\":\"BreadcrumbList\",\"@id\":\"https:\\\/\\\/1dronas.lt\\\/en\\\/apmokejimo-salygos\\\/#breadcrumb\",\"itemListElement\":[{\"@type\":\"ListItem\",\"position\":1,\"name\":\"Home\",\"item\":\"https:\\\/\\\/1dronas.lt\\\/\"},{\"@type\":\"ListItem\",\"position\":2,\"name\":\"Apmok\u0117jimas\"}]},{\"@type\":\"WebSite\",\"@id\":\"https:\\\/\\\/1dronas.lt\\\/en\\\/#website\",\"url\":\"https:\\\/\\\/1dronas.lt\\\/en\\\/\",\"name\":\"1dronas.lt\",\"description\":\"Internetin\u0117 parduotuv\u0117\",\"publisher\":{\"@id\":\"https:\\\/\\\/1dronas.lt\\\/en\\\/#organization\"},\"potentialAction\":[{\"@type\":\"SearchAction\",\"target\":{\"@type\":\"EntryPoint\",\"urlTemplate\":\"https:\\\/\\\/1dronas.lt\\\/en\\\/?s={search_term_string}\"},\"query-input\":{\"@type\":\"PropertyValueSpecification\",\"valueRequired\":true,\"valueName\":\"search_term_string\"}}],\"inLanguage\":\"en-US\"},{\"@type\":\"Organization\",\"@id\":\"https:\\\/\\\/1dronas.lt\\\/en\\\/#organization\",\"name\":\"1dronas.lt\",\"url\":\"https:\\\/\\\/1dronas.lt\\\/en\\\/\",\"logo\":{\"@type\":\"ImageObject\",\"inLanguage\":\"en-US\",\"@id\":\"https:\\\/\\\/1dronas.lt\\\/en\\\/#\\\/schema\\\/logo\\\/image\\\/\",\"url\":\"https:\\\/\\\/1dronas.lt\\\/wp-content\\\/uploads\\\/2020\\\/12\\\/Ekrano_kopija__2_-removebg-preview-1-1.png\",\"contentUrl\":\"https:\\\/\\\/1dronas.lt\\\/wp-content\\\/uploads\\\/2020\\\/12\\\/Ekrano_kopija__2_-removebg-preview-1-1.png\",\"width\":234,\"height\":81,\"caption\":\"1dronas.lt\"},\"image\":{\"@id\":\"https:\\\/\\\/1dronas.lt\\\/en\\\/#\\\/schema\\\/logo\\\/image\\\/\"},\"sameAs\":[\"https:\\\/\\\/www.facebook.com\\\/1dronas\\\/\"]}]}<\/script>\n<!-- \/ Yoast SEO plugin. -->","yoast_head_json":{"title":"Apmok\u0117jimas - 1dronas.lt","robots":{"index":"index","follow":"follow","max-snippet":"max-snippet:-1","max-image-preview":"max-image-preview:large","max-video-preview":"max-video-preview:-1"},"canonical":"https:\/\/1dronas.lt\/en\/apmokejimo-salygos\/","og_locale":"en_US","og_type":"article","og_title":"Apmok\u0117jimas - 1dronas.lt","og_url":"https:\/\/1dronas.lt\/en\/apmokejimo-salygos\/","og_site_name":"1dronas.lt","article_publisher":"https:\/\/www.facebook.com\/1dronas\/","article_modified_time":"2023-03-22T19:37:52+00:00","og_image":[{"url":"https:\/\/1dronas.lt\/wp-content\/uploads\/2022\/12\/apmok2.png","type":"","width":"","height":""}],"twitter_card":"summary_large_image","twitter_misc":{"Est. reading time":"2 minutes"},"schema":{"@context":"https:\/\/schema.org","@graph":[{"@type":"WebPage","@id":"https:\/\/1dronas.lt\/en\/apmokejimo-salygos\/","url":"https:\/\/1dronas.lt\/en\/apmokejimo-salygos\/","name":"Apmok\u0117jimas - 1dronas.lt","isPartOf":{"@id":"https:\/\/1dronas.lt\/en\/#website"},"primaryImageOfPage":{"@id":"https:\/\/1dronas.lt\/en\/apmokejimo-salygos\/#primaryimage"},"image":{"@id":"https:\/\/1dronas.lt\/en\/apmokejimo-salygos\/#primaryimage"},"thumbnailUrl":"https:\/\/1dronas.lt\/wp-content\/uploads\/2022\/12\/apmok2.png","datePublished":"2022-12-01T23:37:00+00:00","dateModified":"2023-03-22T19:37:52+00:00","breadcrumb":{"@id":"https:\/\/1dronas.lt\/en\/apmokejimo-salygos\/#breadcrumb"},"inLanguage":"en-US","potentialAction":[{"@type":"ReadAction","target":["https:\/\/1dronas.lt\/en\/apmokejimo-salygos\/"]}]},{"@type":"ImageObject","inLanguage":"en-US","@id":"https:\/\/1dronas.lt\/en\/apmokejimo-salygos\/#primaryimage","url":"https:\/\/1dronas.lt\/wp-content\/uploads\/2022\/12\/apmok2.png","contentUrl":"https:\/\/1dronas.lt\/wp-content\/uploads\/2022\/12\/apmok2.png"},{"@type":"BreadcrumbList","@id":"https:\/\/1dronas.lt\/en\/apmokejimo-salygos\/#breadcrumb","itemListElement":[{"@type":"ListItem","position":1,"name":"Home","item":"https:\/\/1dronas.lt\/"},{"@type":"ListItem","position":2,"name":"Apmok\u0117jimas"}]},{"@type":"WebSite","@id":"https:\/\/1dronas.lt\/en\/#website","url":"https:\/\/1dronas.lt\/en\/","name":"1dronas.lt","description":"Online store","publisher":{"@id":"https:\/\/1dronas.lt\/en\/#organization"},"potentialAction":[{"@type":"SearchAction","target":{"@type":"EntryPoint","urlTemplate":"https:\/\/1dronas.lt\/en\/?s={search_term_string}"},"query-input":{"@type":"PropertyValueSpecification","valueRequired":true,"valueName":"search_term_string"}}],"inLanguage":"en-US"},{"@type":"Organization","@id":"https:\/\/1dronas.lt\/en\/#organization","name":"1dronas.lt","url":"https:\/\/1dronas.lt\/en\/","logo":{"@type":"ImageObject","inLanguage":"en-US","@id":"https:\/\/1dronas.lt\/en\/#\/schema\/logo\/image\/","url":"https:\/\/1dronas.lt\/wp-content\/uploads\/2020\/12\/Ekrano_kopija__2_-removebg-preview-1-1.png","contentUrl":"https:\/\/1dronas.lt\/wp-content\/uploads\/2020\/12\/Ekrano_kopija__2_-removebg-preview-1-1.png","width":234,"height":81,"caption":"1dronas.lt"},"image":{"@id":"https:\/\/1dronas.lt\/en\/#\/schema\/logo\/image\/"},"sameAs":["https:\/\/www.facebook.com\/1dronas\/"]}]}},"jetpack_sharing_enabled":true,"_links":{"self":[{"href":"https:\/\/1dronas.lt\/en\/wp-json\/wp\/v2\/pages\/3403","targetHints":{"allow":["GET"]}}],"collection":[{"href":"https:\/\/1dronas.lt\/en\/wp-json\/wp\/v2\/pages"}],"about":[{"href":"https:\/\/1dronas.lt\/en\/wp-json\/wp\/v2\/types\/page"}],"author":[{"embeddable":true,"href":"https:\/\/1dronas.lt\/en\/wp-json\/wp\/v2\/users\/3"}],"replies":[{"embeddable":true,"href":"https:\/\/1dronas.lt\/en\/wp-json\/wp\/v2\/comments?post=3403"}],"version-history":[{"count":0,"href":"https:\/\/1dronas.lt\/en\/wp-json\/wp\/v2\/pages\/3403\/revisions"}],"wp:attachment":[{"href":"https:\/\/1dronas.lt\/en\/wp-json\/wp\/v2\/media?parent=3403"}],"curies":[{"name":"wp","href":"https:\/\/api.w.org\/{rel}","templated":true}]}}